{"id":126,"date":"2025-02-03T10:38:43","date_gmt":"2025-02-03T10:38:43","guid":{"rendered":"https:\/\/authenticcars.dkonto.pl\/index.php\/about\/"},"modified":"2025-02-03T17:15:34","modified_gmt":"2025-02-03T17:15:34","slug":"o-nas","status":"publish","type":"page","link":"https:\/\/authenticcars.dkonto.pl\/index.php\/o-nas\/","title":{"rendered":"O nas"},"content":{"rendered":"\t\t<div data-elementor-type=\"wp-page\" data-elementor-id=\"126\" class=\"elementor elementor-126\" data-elementor-post-type=\"page\">\n\t\t\t\t<div class=\"elementor-element elementor-element-502e7cd0 e-con-full e-flex e-con e-parent\" data-id=\"502e7cd0\" data-element_type=\"container\">\n\t\t<div class=\"elementor-element elementor-element-751d1e7a e-con-full e-flex e-con e-child\" data-id=\"751d1e7a\" data-element_type=\"container\">\n\t\t\t\t<div class=\"elementor-element elementor-element-db491c7 elementor-widget elementor-widget-heading\" data-id=\"db491c7\" data-element_type=\"widget\" data-widget_type=\"heading.default\">\n\t\t\t\t<div class=\"elementor-widget-container\">\n\t\t\t\t\t<h2 class=\"elementor-heading-title elementor-size-default\">Authentic Cars<\/h2>\t\t\t\t<\/div>\n\t\t\t\t<\/div>\n\t\t\t\t<div class=\"elementor-element elementor-element-87311ee elementor-widget elementor-widget-text-editor\" data-id=\"87311ee\" data-element_type=\"widget\" data-widget_type=\"text-editor.default\">\n\t\t\t\t<div class=\"elementor-widget-container\">\n\t\t\t\t\t\t\t\t\t<p data-pm-slice=\"1 1 []\">Jeste\u015bmy m\u0142odym, ambitnym i szybko rozwijaj\u0105cym si\u0119 przedsi\u0119biorstwem, nieboj\u0105cym si\u0119 wyzwa\u0144 i stawiaj\u0105cym na jako\u015b\u0107 wykonywanych przez nas us\u0142ug. Nasza praca to tak\u017ce nasza pasja, dlatego wykonujemy j\u0105 najlepiej, jak tylko potrafimy, wiedz\u0105c, czego chc\u0105 maniacy motoryzacji.<\/p><p>Wieloletnie do\u015bwiadczenie w renowacji felg zaowocowa\u0142o tym, i\u017c znajdujemy si\u0119 w polskiej czo\u0142\u00f3wce w\u015br\u00f3d firm w tym fachu oraz coraz bardziej liczymy si\u0119 w Europie. Dzi\u0119ki kilku tysi\u0105com projekt\u00f3w rocznie jeste\u015bmy jedn\u0105 z najbardziej docenianych firm na europejskiej scenie tuningu. Felgi odnawiane u nas je\u017cd\u017c\u0105 m.in. w Szwecji, Norwegii, Danii i Wielkiej Brytanii.<\/p><p>Wychodz\u0105c naprzeciw oczekiwaniom klient\u00f3w, od 2014 roku wprowadzili\u015bmy r\u00f3wnie\u017c sprzeda\u017c rant\u00f3w, b\u0119bn\u00f3w, \u015brubek oraz kultowych felg. Pocz\u0105tek roku 2015 to wprowadzenie us\u0142ug obr\u00f3bki strumieniowo-\u015bciernej, m.in. piaskowanie, szkie\u0142kowanie na mokro, sodowanie na mokro i sodowanie na sucho.<\/p>\t\t\t\t\t\t\t\t<\/div>\n\t\t\t\t<\/div>\n\t\t\t\t<\/div>\n\t\t<div class=\"elementor-element elementor-element-1c491951 e-con-full e-flex e-con e-child\" data-id=\"1c491951\" data-element_type=\"container\" data-settings=\"{&quot;background_background&quot;:&quot;classic&quot;}\">\n\t\t\t\t<\/div>\n\t\t\t\t<\/div>\n\t\t<div class=\"elementor-element elementor-element-12362f25 e-con-full e-flex e-con e-parent\" data-id=\"12362f25\" data-element_type=\"container\">\n\t\t<div class=\"elementor-element elementor-element-3b832eae e-con-full e-flex e-con e-child\" data-id=\"3b832eae\" data-element_type=\"container\" data-settings=\"{&quot;background_background&quot;:&quot;classic&quot;}\">\n\t\t\t\t<\/div>\n\t\t<div class=\"elementor-element elementor-element-5fb925c2 e-con-full e-flex e-con e-child\" data-id=\"5fb925c2\" data-element_type=\"container\">\n\t\t\t\t<div class=\"elementor-element elementor-element-43c21fd elementor-widget elementor-widget-heading\" data-id=\"43c21fd\" data-element_type=\"widget\" data-widget_type=\"heading.default\">\n\t\t\t\t<div class=\"elementor-widget-container\">\n\t\t\t\t\t<h2 class=\"elementor-heading-title elementor-size-default\">Nasza misja<\/h2>\t\t\t\t<\/div>\n\t\t\t\t<\/div>\n\t\t\t\t<div class=\"elementor-element elementor-element-27ae8a3d elementor-widget elementor-widget-text-editor\" data-id=\"27ae8a3d\" data-element_type=\"widget\" data-widget_type=\"text-editor.default\">\n\t\t\t\t<div class=\"elementor-widget-container\">\n\t\t\t\t\t\t\t\t\t<p data-pm-slice=\"1 1 []\">Naszym celem jest dostarczanie najwy\u017cszej jako\u015bci us\u0142ug renowacji felg, kt\u00f3re nie tylko poprawiaj\u0105 estetyk\u0119 pojazdu, ale r\u00f3wnie\u017c wp\u0142ywaj\u0105 na bezpiecze\u0144stwo i komfort jazdy. Wierzymy, \u017ce ka\u017cdy detal ma znaczenie, dlatego podchodzimy do naszej pracy z najwy\u017csz\u0105 staranno\u015bci\u0105. Stawiamy na indywidualne podej\u015bcie do klienta, fachowe doradztwo i kompleksowe wsparcie na ka\u017cdym etapie realizacji zlecenia. Nasza misja to nie tylko renowacja felg, ale tak\u017ce budowanie trwa\u0142ych relacji opartych na zaufaniu i profesjonalizmie.<\/p>\t\t\t\t\t\t\t\t<\/div>\n\t\t\t\t<\/div>\n\t\t\t\t<\/div>\n\t\t\t\t<\/div>\n\t\t\t\t<\/div>\n\t\t","protected":false},"excerpt":{"rendered":"<p>Authentic Cars Jeste\u015bmy m\u0142odym, ambitnym i szybko rozwijaj\u0105cym si\u0119 przedsi\u0119biorstwem, nieboj\u0105cym si\u0119 wyzwa\u0144 i stawiaj\u0105cym na jako\u015b\u0107 wykonywanych przez nas us\u0142ug. Nasza praca to tak\u017ce nasza pasja, dlatego wykonujemy j\u0105 najlepiej, jak tylko potrafimy, wiedz\u0105c, czego chc\u0105 maniacy motoryzacji. Wieloletnie do\u015bwiadczenie w renowacji felg zaowocowa\u0142o tym, i\u017c znajdujemy si\u0119 w polskiej czo\u0142\u00f3wce w\u015br\u00f3d firm w [&hellip;]<\/p>\n","protected":false},"author":1,"featured_media":0,"parent":0,"menu_order":0,"comment_status":"closed","ping_status":"closed","template":"elementor_header_footer","meta":{"_acf_changed":false,"footnotes":""},"class_list":["post-126","page","type-page","status-publish","hentry"],"acf":[],"_links":{"self":[{"href":"https:\/\/authenticcars.dkonto.pl\/index.php\/wp-json\/wp\/v2\/pages\/126","targetHints":{"allow":["GET"]}}],"collection":[{"href":"https:\/\/authenticcars.dkonto.pl\/index.php\/wp-json\/wp\/v2\/pages"}],"about":[{"href":"https:\/\/authenticcars.dkonto.pl\/index.php\/wp-json\/wp\/v2\/types\/page"}],"author":[{"embeddable":true,"href":"https:\/\/authenticcars.dkonto.pl\/index.php\/wp-json\/wp\/v2\/users\/1"}],"replies":[{"embeddable":true,"href":"https:\/\/authenticcars.dkonto.pl\/index.php\/wp-json\/wp\/v2\/comments?post=126"}],"version-history":[{"count":20,"href":"https:\/\/authenticcars.dkonto.pl\/index.php\/wp-json\/wp\/v2\/pages\/126\/revisions"}],"predecessor-version":[{"id":376,"href":"https:\/\/authenticcars.dkonto.pl\/index.php\/wp-json\/wp\/v2\/pages\/126\/revisions\/376"}],"wp:attachment":[{"href":"https:\/\/authenticcars.dkonto.pl\/index.php\/wp-json\/wp\/v2\/media?parent=126"}],"curies":[{"name":"wp","href":"https:\/\/api.w.org\/{rel}","templated":true}]}}